{"id":1098,"date":"2019-02-13T16:43:10","date_gmt":"2019-02-13T16:43:10","guid":{"rendered":"http:\/\/www.absalonsgade8.dk\/?page_id=1098"},"modified":"2019-02-13T20:30:28","modified_gmt":"2019-02-13T20:30:28","slug":"hch3","status":"publish","type":"page","link":"http:\/\/www.absalonsgade8.dk\/?page_id=1098","title":{"rendered":"HCH3"},"content":{"rendered":"\n<p><span style=\"font-family: 'trebuchet ms', geneva, sans-serif;\">HCH3 er nu f\u00e6rdig og n\u00f8glen er blevet overdraget til Vesterbro Ungdomsg\u00e5rd.<\/span><\/p>\n\n\n\n<div class=\"wp-block-image\"><figure class=\"aligncenter is-resized\"><img loading=\"lazy\" decoding=\"async\" src=\"http:\/\/www.absalonsgade8.dk\/wp-content\/uploads\/2019\/02\/20190209_HCH3_54_edited-1-1024x768.gif\" alt=\"\" class=\"wp-image-1116\" width=\"559\" height=\"419\" srcset=\"http:\/\/www.absalonsgade8.dk\/wp-content\/uploads\/2019\/02\/20190209_HCH3_54_edited-1-1024x768.gif 1024w, http:\/\/www.absalonsgade8.dk\/wp-content\/uploads\/2019\/02\/20190209_HCH3_54_edited-1-300x225.gif 300w, http:\/\/www.absalonsgade8.dk\/wp-content\/uploads\/2019\/02\/20190209_HCH3_54_edited-1-768x576.gif 768w\" sizes=\"auto, (max-width: 559px) 100vw, 559px\" \/><\/figure><\/div>\n","protected":false},"excerpt":{"rendered":"<p>HCH3 er nu f\u00e6rdig og n\u00f8glen er blevet overdraget til Vesterbro Ungdomsg\u00e5rd.<\/p>\n","protected":false},"author":1,"featured_media":0,"parent":0,"menu_order":0,"comment_status":"closed","ping_status":"closed","template":"","meta":{"footnotes":""},"class_list":["post-1098","page","type-page","status-publish","hentry"],"_links":{"self":[{"href":"http:\/\/www.absalonsgade8.dk\/index.php?rest_route=\/wp\/v2\/pages\/1098","targetHints":{"allow":["GET"]}}],"collection":[{"href":"http:\/\/www.absalonsgade8.dk\/index.php?rest_route=\/wp\/v2\/pages"}],"about":[{"href":"http:\/\/www.absalonsgade8.dk\/index.php?rest_route=\/wp\/v2\/types\/page"}],"author":[{"embeddable":true,"href":"http:\/\/www.absalonsgade8.dk\/index.php?rest_route=\/wp\/v2\/users\/1"}],"replies":[{"embeddable":true,"href":"http:\/\/www.absalonsgade8.dk\/index.php?rest_route=%2Fwp%2Fv2%2Fcomments&post=1098"}],"version-history":[{"count":2,"href":"http:\/\/www.absalonsgade8.dk\/index.php?rest_route=\/wp\/v2\/pages\/1098\/revisions"}],"predecessor-version":[{"id":1118,"href":"http:\/\/www.absalonsgade8.dk\/index.php?rest_route=\/wp\/v2\/pages\/1098\/revisions\/1118"}],"wp:attachment":[{"href":"http:\/\/www.absalonsgade8.dk\/index.php?rest_route=%2Fwp%2Fv2%2Fmedia&parent=1098"}],"curies":[{"name":"wp","href":"https:\/\/api.w.org\/{rel}","templated":true}]}}