{"id":2,"date":"2015-05-30T14:39:19","date_gmt":"2015-05-30T14:39:19","guid":{"rendered":"http:\/\/www.absalonsgade8.dk\/?page_id=2"},"modified":"2026-03-20T15:31:54","modified_gmt":"2026-03-20T15:31:54","slug":"eksempel-side","status":"publish","type":"page","link":"https:\/\/www.absalonsgade8.dk\/","title":{"rendered":"Forside"},"content":{"rendered":"<p><\/p>\r\n<div class=\"is-layout-flow wp-block-group-is-layout-flow\" dir=\"auto\" style=\"text-align: left;\"><div class=\"wp-block-group__inner-container\"><strong style=\"font-size: 14pt;\"><span style=\"color: #b20000;\">N\u00e6ste klubm\u00f8de!<\/span><\/strong><\/div>\r\n<div dir=\"auto\">\u00a0<\/div>\r\n<div dir=\"auto\">\r\n<table style=\"border-collapse: collapse; width: 100%;\">\r\n<tbody>\r\n<tr>\r\n<td style=\"width: 100%;\">\r\n<p><span style=\"font-size: 18pt;\"><strong><span style=\"font-family: 'trebuchet ms', geneva, sans-serif;\">Tirsdag den 7. april 2026<\/span><span style=\"font-family: 'trebuchet ms', geneva, sans-serif;\"><br \/><\/span><span style=\"font-family: 'trebuchet ms', geneva, sans-serif;\">Kl. 18:30- 21:00<br \/><\/span><\/strong><\/span><\/p>\r\n<p><span style=\"font-size: 20pt; font-family: 'trebuchet ms', geneva, sans-serif; color: #b20000;\"><strong>P\u00e5skefrokost<img loading=\"lazy\" decoding=\"async\" class=\"alignright size-medium wp-image-1865\" src=\"http:\/\/www.absalonsgade8.dk\/wp-content\/uploads\/2022\/08\/291393593_10228094146641867_5817370382043749061_n-300x168.jpg\" alt=\"\" width=\"300\" height=\"168\" srcset=\"https:\/\/www.absalonsgade8.dk\/wp-content\/uploads\/2022\/08\/291393593_10228094146641867_5817370382043749061_n-300x168.jpg 300w, https:\/\/www.absalonsgade8.dk\/wp-content\/uploads\/2022\/08\/291393593_10228094146641867_5817370382043749061_n-1024x575.jpg 1024w, https:\/\/www.absalonsgade8.dk\/wp-content\/uploads\/2022\/08\/291393593_10228094146641867_5817370382043749061_n-768x431.jpg 768w, https:\/\/www.absalonsgade8.dk\/wp-content\/uploads\/2022\/08\/291393593_10228094146641867_5817370382043749061_n-1536x863.jpg 1536w, https:\/\/www.absalonsgade8.dk\/wp-content\/uploads\/2022\/08\/291393593_10228094146641867_5817370382043749061_n.jpg 2048w\" sizes=\"auto, (max-width: 300px) 100vw, 300px\" \/><\/strong><\/span><\/p>\r\n<div class=\"x14z9mp xat24cr x1lziwak x1vvkbs xtlvy1s x126k92a\">\r\n<div dir=\"auto\">\r\n<div class=\"x14z9mp xat24cr x1lziwak x1vvkbs xtlvy1s x126k92a\">\r\n<div dir=\"auto\">\r\n<div class=\"html-div xdj266r x14z9mp xat24cr x1lziwak xexx8yu xyri2b x18d9i69 x1c1uobl\" tabindex=\"-1\">\r\n<div class=\"html-div xdj266r x14z9mp x1lziwak xexx8yu xyri2b x18d9i69 x1c1uobl x1e56ztr\"><span class=\"x193iq5w xeuugli x13faqbe x1vvkbs xlh3980 xvmahel x1n0sxbx x6prxxf xvq8zen xo1l8bm xzsf02u\" style=\"font-family: 'trebuchet ms', geneva, sans-serif; font-size: 14pt;\">Vi tilbyder 6-7 retter samt kaffe og kage til den ringe pris kr. 70,-.<\/span><\/div>\r\n<div>\u00a0<\/div>\r\n<div class=\"html-div xdj266r x14z9mp x1lziwak xexx8yu xyri2b x18d9i69 x1c1uobl x1e56ztr\"><span class=\"x193iq5w xeuugli x13faqbe x1vvkbs xlh3980 xvmahel x1n0sxbx x6prxxf xvq8zen xo1l8bm xzsf02u\" style=\"font-family: 'trebuchet ms', geneva, sans-serif; font-size: 14pt;\"> Louisa og ungerne vil s\u00f8rge for kagen.<\/span><\/div>\r\n<\/div>\r\n<\/div>\r\n<div dir=\"auto\">\u00a0<\/div>\r\n<\/div>\r\n<\/div>\r\n<\/div>\r\n<div dir=\"auto\"><span style=\"font-family: 'trebuchet ms', geneva, sans-serif; font-size: 14pt;\">Drikkevarer til s\u00e6dvanlige vennepriser.<\/span><\/div>\r\n<div class=\"x14z9mp xat24cr x1lziwak x1vvkbs xtlvy1s x126k92a\">\r\n<div dir=\"auto\">\r\n<div class=\"x14z9mp xat24cr x1lziwak x1vvkbs xtlvy1s x126k92a\">\r\n<div dir=\"auto\">\u00a0<\/div>\r\n<\/div>\r\n<div class=\"x14z9mp xat24cr x1lziwak x1vvkbs xtlvy1s x126k92a\">\r\n<div dir=\"auto\"><span style=\"font-family: 'trebuchet ms', geneva, sans-serif; font-size: 14pt;\">Temaet denne aften vil v\u00e6re en nostalgisk vandring p\u00e5 memory lane (hvis Palle kan f\u00e5 det til at fungere).<\/span><\/div>\r\n<\/div>\r\n<\/div>\r\n<\/div>\r\n<div class=\"x14z9mp xat24cr x1lziwak x1vvkbs xtlvy1s x126k92a\">\r\n<div dir=\"auto\">\u00a0<\/div>\r\n<\/div>\r\n<div dir=\"auto\" style=\"text-align: left;\"><span style=\"font-family: 'trebuchet ms', geneva, sans-serif; font-size: 14pt;\">Absolut sidste tilmelding er:<\/span><\/div>\r\n<div dir=\"auto\">\u00a0<\/div>\r\n<div dir=\"auto\" style=\"text-align: center;\"><span style=\"font-size: 24px; caret-color: #000000; font-family: 'trebuchet ms', geneva, sans-serif; color: #b20000;\"><b>mandag den 6. april<\/b><\/span><\/div>\r\n<div dir=\"auto\"><strong><span style=\"font-size: 14pt; font-family: 'trebuchet ms', geneva, sans-serif;\"><br \/>HUSK: Tilmeldingen er bindende = ingen betaling ingen p\u00e5skefrokost. Betaling ved tilmelding.<br \/><br \/><\/span><\/strong><\/div>\r\n<div dir=\"auto\" style=\"text-align: left;\"><span style=\"font-family: 'trebuchet ms', geneva, sans-serif; font-size: 14pt;\">Tilmelding:<\/span><\/div>\r\n<ul>\r\n<li><span style=\"font-family: 'trebuchet ms', geneva, sans-serif; font-size: 14pt;\">P\u00e5 Facebook eller<\/span><\/li>\r\n<li><span style=\"font-family: 'trebuchet ms', geneva, sans-serif; font-size: 14pt;\">Til Palle Emanuel p\u00e5 mobil: 31 43 23 77 (Mobile Pay)<\/span><\/li>\r\n<\/ul>\r\n<p><span style=\"font-family: 'trebuchet ms', geneva, sans-serif; font-size: 14pt;\">Vi gl\u00e6der os til at se dig.<\/span><\/p>\r\n<\/td>\r\n<\/tr>\r\n<\/tbody>\r\n<\/table>\r\n<\/div><\/div>\r\n\r\n\r\n\r\n<p>&nbsp;<\/p>\r\n\r\n<p class=\"has-text-align-left\"><span style=\"color: #000000;\">Se ogs\u00e5:<\/span><\/p>\r\n\r\n\r\n\r\n<ul class=\"wp-block-list\">\r\n<li style=\"text-align: left;\"><span style=\"font-family: 'trebuchet ms', geneva, sans-serif; font-size: 12pt; color: #000000;\">Seneste <\/span><span style=\"font-family: 'trebuchet ms', geneva, sans-serif; font-size: 12pt; color: #000000;\"><a style=\"color: #000000;\" href=\"http:\/\/www.absalonsgade8.dk\/?p=262\">blog<\/a><\/span><span style=\"font-family: 'trebuchet ms', geneva, sans-serif; font-size: 12pt; color: #000000;\"> indl\u00e6g.<\/span><\/li>\r\n<li style=\"text-align: left;\"><span style=\"font-family: 'trebuchet ms', geneva, sans-serif; font-size: 12pt; color: #000000;\"><a style=\"color: #000000;\" href=\"http:\/\/www.absalonsgade8.dk\/?page_id=62\">Kalenderen<\/a><\/span><span style=\"font-family: 'trebuchet ms', geneva, sans-serif; font-size: 12pt; color: #000000;\"> for kommende arrangementer.<\/span><\/li>\r\n<\/ul>\r\n\r\n<p>&nbsp;<\/p>\r\n","protected":false},"excerpt":{"rendered":"<p>N\u00e6ste klubm\u00f8de! \u00a0 Tirsdag den 7. april 2026Kl. 18:30- 21:00 P\u00e5skefrokost Vi tilbyder 6-7 retter samt kaffe og kage til den ringe pris kr. 70,-. \u00a0 Louisa og ungerne vil s\u00f8rge for kagen. \u00a0 Drikkevarer til s\u00e6dvanlige vennepriser. \u00a0 Temaet &hellip; <a href=\"https:\/\/www.absalonsgade8.dk\/\">L\u00e6s resten <span class=\"meta-nav\">&rarr;<\/span><\/a><\/p>\n","protected":false},"author":1,"featured_media":0,"parent":62,"menu_order":0,"comment_status":"closed","ping_status":"closed","template":"","meta":{"footnotes":""},"class_list":["post-2","page","type-page","status-publish","hentry"],"_links":{"self":[{"href":"https:\/\/www.absalonsgade8.dk\/index.php?rest_route=\/wp\/v2\/pages\/2","targetHints":{"allow":["GET"]}}],"collection":[{"href":"https:\/\/www.absalonsgade8.dk\/index.php?rest_route=\/wp\/v2\/pages"}],"about":[{"href":"https:\/\/www.absalonsgade8.dk\/index.php?rest_route=\/wp\/v2\/types\/page"}],"author":[{"embeddable":true,"href":"https:\/\/www.absalonsgade8.dk\/index.php?rest_route=\/wp\/v2\/users\/1"}],"replies":[{"embeddable":true,"href":"https:\/\/www.absalonsgade8.dk\/index.php?rest_route=%2Fwp%2Fv2%2Fcomments&post=2"}],"version-history":[{"count":747,"href":"https:\/\/www.absalonsgade8.dk\/index.php?rest_route=\/wp\/v2\/pages\/2\/revisions"}],"predecessor-version":[{"id":2191,"href":"https:\/\/www.absalonsgade8.dk\/index.php?rest_route=\/wp\/v2\/pages\/2\/revisions\/2191"}],"up":[{"embeddable":true,"href":"https:\/\/www.absalonsgade8.dk\/index.php?rest_route=\/wp\/v2\/pages\/62"}],"wp:attachment":[{"href":"https:\/\/www.absalonsgade8.dk\/index.php?rest_route=%2Fwp%2Fv2%2Fmedia&parent=2"}],"curies":[{"name":"wp","href":"https:\/\/api.w.org\/{rel}","templated":true}]}}