{"id":458,"date":"2016-10-19T20:05:05","date_gmt":"2016-10-19T20:05:05","guid":{"rendered":"http:\/\/www.absalonsgade8.dk\/?page_id=458"},"modified":"2016-12-25T20:09:44","modified_gmt":"2016-12-25T20:09:44","slug":"boserup","status":"publish","type":"page","link":"https:\/\/www.absalonsgade8.dk\/?page_id=458","title":{"rendered":"Boserup"},"content":{"rendered":"<p><span style=\"font-family: 'trebuchet ms', geneva, sans-serif; font-size: 12pt;\">Hvad foreg\u00e5r der egentlig p\u00e5 H. C. Hans<a href=\"http:\/\/www.absalonsgade8.dk\/wp-content\/uploads\/2016\/10\/20160930-02_004_Boserup_VUG.jpg\"><img loading=\"lazy\" decoding=\"async\" class=\"size-medium wp-image-449 alignright\" src=\"http:\/\/www.absalonsgade8.dk\/wp-content\/uploads\/2016\/10\/20160930-02_004_Boserup_VUG-300x200.jpg\" alt=\"20160930-02_004_boserup_vug\" width=\"300\" height=\"200\" srcset=\"https:\/\/www.absalonsgade8.dk\/wp-content\/uploads\/2016\/10\/20160930-02_004_Boserup_VUG-300x200.jpg 300w, https:\/\/www.absalonsgade8.dk\/wp-content\/uploads\/2016\/10\/20160930-02_004_Boserup_VUG-768x513.jpg 768w, https:\/\/www.absalonsgade8.dk\/wp-content\/uploads\/2016\/10\/20160930-02_004_Boserup_VUG-1024x683.jpg 1024w\" sizes=\"auto, (max-width: 300px) 100vw, 300px\" \/><\/a>eng\u00e5rden, n\u00e5r der er arbejdsweekend. P\u00e5 denne side kan du f\u00f8lge lidt med i det arbejde VUGs Venner g\u00f8r p\u00e5 g\u00e5rden, s\u00e5som reparationer, reng\u00f8ring, vedligeholdelse og meget mere.<\/span><\/p>\n<p><span style=\"font-family: 'trebuchet ms', geneva, sans-serif; font-size: 12pt;\">25. december 2016<br \/>\nDesv\u00e6rre n\u00e5ede der ikke at komme informationer omkring det store arbejde der blev lagt i renovering af H. C. Hanseng\u00e5rden f\u00f8r 1\/3 af g\u00e5rden er br\u00e6ndt ned 1. juledag.<\/span><\/p>\n<p><span style=\"font-family: 'trebuchet ms', geneva, sans-serif; font-size: 12pt;\">Herunder kan du derfor se diverse links til artikler, billeder etc. fra g\u00e5rden, som den ser ud nu. Det er et trist syn.<\/span><\/p>\n<p><span style=\"font-family: 'trebuchet ms', geneva, sans-serif; font-size: 12pt;\">Artikel p\u00e5 TV2 Lorry.dk. Klik <a href=\"http:\/\/www.tv2lorry.dk\/artikel\/feriekoloni-braender-i-boserup-skov\" target=\"_blank\">her<\/a>.<\/span><\/p>\n<p><span style=\"font-family: 'trebuchet ms', geneva, sans-serif; font-size: 12pt;\">TV2 Lorry nyhed. Video p\u00e5 Facebook: Klik <a href=\"https:\/\/www.facebook.com\/gebhant\/videos\/10154783240039788\/\" target=\"_blank\">her<\/a>. (Du skal have en profil p\u00e5 Facebook).<\/span><\/p>\n<p><span style=\"font-family: 'trebuchet ms', geneva, sans-serif; font-size: 12pt;\">Billeder fra Boserup taget af Palle Emanuel: Klik <a href=\"http:\/\/www.absalonsgade8.dk\/wp-admin\/post.php?post=603\">her<\/a>.<\/span><\/p>\n","protected":false},"excerpt":{"rendered":"<p>Hvad foreg\u00e5r der egentlig p\u00e5 H. C. Hanseng\u00e5rden, n\u00e5r der er arbejdsweekend. P\u00e5 denne side kan du f\u00f8lge lidt med i det arbejde VUGs Venner g\u00f8r p\u00e5 g\u00e5rden, s\u00e5som reparationer, reng\u00f8ring, vedligeholdelse og meget mere. 25. december 2016 Desv\u00e6rre n\u00e5ede &hellip; <a href=\"https:\/\/www.absalonsgade8.dk\/?page_id=458\">L\u00e6s resten <span class=\"meta-nav\">&rarr;<\/span><\/a><\/p>\n","protected":false},"author":1,"featured_media":0,"parent":0,"menu_order":8,"comment_status":"closed","ping_status":"closed","template":"","meta":{"footnotes":""},"class_list":["post-458","page","type-page","status-publish","hentry"],"_links":{"self":[{"href":"https:\/\/www.absalonsgade8.dk\/index.php?rest_route=\/wp\/v2\/pages\/458","targetHints":{"allow":["GET"]}}],"collection":[{"href":"https:\/\/www.absalonsgade8.dk\/index.php?rest_route=\/wp\/v2\/pages"}],"about":[{"href":"https:\/\/www.absalonsgade8.dk\/index.php?rest_route=\/wp\/v2\/types\/page"}],"author":[{"embeddable":true,"href":"https:\/\/www.absalonsgade8.dk\/index.php?rest_route=\/wp\/v2\/users\/1"}],"replies":[{"embeddable":true,"href":"https:\/\/www.absalonsgade8.dk\/index.php?rest_route=%2Fwp%2Fv2%2Fcomments&post=458"}],"version-history":[{"count":7,"href":"https:\/\/www.absalonsgade8.dk\/index.php?rest_route=\/wp\/v2\/pages\/458\/revisions"}],"predecessor-version":[{"id":606,"href":"https:\/\/www.absalonsgade8.dk\/index.php?rest_route=\/wp\/v2\/pages\/458\/revisions\/606"}],"wp:attachment":[{"href":"https:\/\/www.absalonsgade8.dk\/index.php?rest_route=%2Fwp%2Fv2%2Fmedia&parent=458"}],"curies":[{"name":"wp","href":"https:\/\/api.w.org\/{rel}","templated":true}]}}