{"id":73,"date":"2015-05-30T20:59:16","date_gmt":"2015-05-30T20:59:16","guid":{"rendered":"http:\/\/www.absalonsgade8.dk\/?page_id=73"},"modified":"2016-11-15T13:26:12","modified_gmt":"2016-11-15T13:26:12","slug":"gaestebog","status":"publish","type":"page","link":"https:\/\/www.absalonsgade8.dk\/?page_id=73","title":{"rendered":"G\u00e6stebog"},"content":{"rendered":"<p><span style=\"font-family: 'trebuchet ms', geneva, sans-serif; font-size: 12pt;\"><a href=\"http:\/\/www.absalonsgade8.dk\/wp-content\/uploads\/2016\/01\/vesterbro_ungdomagaard006.jpg\" rel=\"attachment wp-att-284\"><img loading=\"lazy\" decoding=\"async\" class=\"size-medium wp-image-284 alignright\" src=\"http:\/\/www.absalonsgade8.dk\/wp-content\/uploads\/2016\/01\/vesterbro_ungdomagaard006-300x199.jpg\" alt=\"vesterbro_ungdomagaard006\" width=\"300\" height=\"199\" srcset=\"https:\/\/www.absalonsgade8.dk\/wp-content\/uploads\/2016\/01\/vesterbro_ungdomagaard006-300x199.jpg 300w, https:\/\/www.absalonsgade8.dk\/wp-content\/uploads\/2016\/01\/vesterbro_ungdomagaard006.jpg 640w\" sizes=\"auto, (max-width: 300px) 100vw, 300px\" \/><\/a>Her har du mulighed for at skrive ris, ros, eller andet du har p\u00e5 hjerte. Vi h\u00f8rer gerne fra dig.<\/span><\/p>\n<p>&nbsp;<\/p>\n<hr \/>\n<div class=\"gwolle-gb\"><div class=\"gwolle-gb-messages-top-container\"><\/div>\n\t\t\t<div class=\"gwolle-gb-write-button\">\n\t\t\t\t<input type=\"button\" name=\"gwolle-gb-write-button\" class=\"button btn btn-default \" value=\"Skriv et nyt indl\u00e6g\" aria-expanded=\"false\" \/>\n\t\t\t<\/div>\n\t\t\t<form action=\"#\" method=\"POST\" class=\"gwolle-gb-write gwolle-gb-hide gwolle-gb-float gwolle-gb-form-ajax gwolle-gb-ajax gwolle-gb-not-logged-in\">\n\t\t\t\t<h3>Skriv gerne i vores g\u00e6stebog<\/h3>\n\t\t\t\t<button type=\"button\" class=\"gb-notice-dismiss\">x<span class=\"screen-reader-text\">Skjul denne formular<\/span><\/button>\n\t\t\t\n\t\t\t\t<input type=\"hidden\" name=\"gwolle_gb_function\" class=\"gwolle_gb_function\" value=\"add_entry\" \/><input type=\"hidden\" name=\"gwolle_gb_book_id\" class=\"gwolle_gb_book_id\" value=\"1\" \/><div class=\"gwolle_gb_4681e971256a51118b37bfe9e985642d\">\n\t\t\t\t<div class=\"label\"><label for=\"gwolle_gb_4681e971256a51118b37bfe9e985642d-1\" class=\"text-info\">Navn <span class=\"required\">*<\/span><\/label><\/div>\n\t\t\t\t<div class=\"input\"><input class=\"wp-exclude-emoji gwolle_gb_4681e971256a51118b37bfe9e985642d\" value=\"\" type=\"text\" id=\"gwolle_gb_4681e971256a51118b37bfe9e985642d-1\" name=\"gwolle_gb_4681e971256a51118b37bfe9e985642d\" required \/><\/div>\n\t\t\t\t<div class=\"clearBoth\">&nbsp;<\/div>\n\t\t\t<\/div><div class=\"gwolle_gb_c06fe888cb6d85c95f820ea54be1240e\">\n\t\t\t\t<div class=\"label\"><label for=\"gwolle_gb_c06fe888cb6d85c95f820ea54be1240e-1\" class=\"text-info\">E-mail <span class=\"required\">*<\/span><\/label><\/div>\n\t\t\t\t<div class=\"input\"><input class=\"gwolle_gb_c06fe888cb6d85c95f820ea54be1240e\" value=\"\" type=\"email\" id=\"gwolle_gb_c06fe888cb6d85c95f820ea54be1240e-1\" name=\"gwolle_gb_c06fe888cb6d85c95f820ea54be1240e\" required \/><\/div>\n\t\t\t\t<div class=\"clearBoth\">&nbsp;<\/div>\n\t\t\t<\/div>\n\t\t\t<div class=\"gwolle_gb_a4cd9b9a017c87d428f42ff2d9bf7fb0\" style=\"display:none;overflow:hidden;\" hidden=\"true\" aria-hidden=\"true\">\n\t\t\t\t<div class=\"label\">\n\t\t\t\t\t<label for=\"gwolle_gb_a4cd9b9a017c87d428f42ff2d9bf7fb0-1\" class=\"text-primary\">R\u00f8r ikke ved dette<\/label>\n\t\t\t\t\t<label for=\"gwolle_gb_e0416ab6150e55abbf6ee06005d56641-1\" class=\"text-primary\">R\u00f8r ikke ved dette<\/label>\n\t\t\t\t<\/div>\n\t\t\t\t<div class=\"input\">\n\t\t\t\t\t<input value=\"15\" type=\"text\" id=\"gwolle_gb_a4cd9b9a017c87d428f42ff2d9bf7fb0-1\" name=\"gwolle_gb_a4cd9b9a017c87d428f42ff2d9bf7fb0\" class=\"gwolle_gb_a4cd9b9a017c87d428f42ff2d9bf7fb0\" style=\"transform: translateY(10000px);\" \/>\n\t\t\t\t\t<input value=\"\" type=\"text\" name=\"gwolle_gb_e0416ab6150e55abbf6ee06005d56641\" id=\"gwolle_gb_e0416ab6150e55abbf6ee06005d56641-1\" class=\"gwolle_gb_e0416ab6150e55abbf6ee06005d56641\" style=\"transform: translateY(10000px);\" \/>\n\t\t\t\t<\/div>\n\t\t\t\t<div class=\"clearBoth\"><\/div>\n\t\t\t<\/div>\n\t\t\t<div class=\"gwolle_gb_5290a19aa9d7a7c157b3b6970b6a6316\" style=\"display:none;overflow:hidden;\" hidden=\"true\" aria-hidden=\"true\">\n\t\t\t\t<div class=\"label\">\n\t\t\t\t\t<label for=\"gwolle_gb_5290a19aa9d7a7c157b3b6970b6a6316-1\" class=\"text-primary\">R\u00f8r ikke ved dette<\/label>\n\t\t\t\t\t<label for=\"gwolle_gb_444d6b064c9fe43ff836078f93a687e2-1\" class=\"text-primary\">R\u00f8r ikke ved dette<\/label>\n\t\t\t\t<\/div>\n\t\t\t\t<div class=\"input\">\n\t\t\t\t\t<input value=\"62029\" type=\"text\" id=\"gwolle_gb_5290a19aa9d7a7c157b3b6970b6a6316-1\" name=\"gwolle_gb_5290a19aa9d7a7c157b3b6970b6a6316\" class=\"gwolle_gb_5290a19aa9d7a7c157b3b6970b6a6316\" style=\"transform: translateY(10000px);\" \/>\n\t\t\t\t\t<input value=\"62029\" type=\"text\"id=\"gwolle_gb_444d6b064c9fe43ff836078f93a687e2-1\" name=\"gwolle_gb_444d6b064c9fe43ff836078f93a687e2\" class=\"gwolle_gb_444d6b064c9fe43ff836078f93a687e2\" style=\"transform: translateY(10000px);\" \/>\n\t\t\t\t<\/div>\n\t\t\t\t<div class=\"clearBoth\"><\/div>\n\t\t\t<\/div><div class=\"gwolle_gb_content\">\n\t\t\t\t<div class=\"label\"><label for=\"gwolle_gb_content-1\" class=\"text-info\">G\u00e6stebogsindl\u00e6g <span class=\"required\">*<\/span><\/label><\/div>\n\t\t\t\t<div class=\"input\"><textarea id=\"gwolle_gb_content-1\" name=\"gwolle_gb_content\" class=\"gwolle_gb_content wp-exclude-emoji\" required ><\/textarea><\/div>\n\t\t\t\t\t<div class=\"clearBoth\">&nbsp;<\/div>\n\t\t\t\t<\/div><input type=\"hidden\" class=\"gwolle_gb_34861a170de780f6571068a910e9af77\" id=\"gwolle_gb_34861a170de780f6571068a910e9af77-1\" name=\"gwolle_gb_34861a170de780f6571068a910e9af77\" value=\"6b53f1f20a\" \/>\n\t\t\t<div class=\"gwolle-gb-messages-bottom-container\"><\/div>\n\n\t\t\t<noscript><div class=\"no-js\">Advarsel: Denne formular kan kun benyttes, hvis JavaScript er aktiveret i din browser.<\/div><\/noscript>\n\n\t\t\t<div class=\"gwolle_gb_submit gwolle-gb-submit\">\n\t\t\t\t<div class=\"label gwolle-gb-invisible text-muted\">&nbsp;<\/div>\n\t\t\t\t<div class=\"input\">\n\t\t\t\t\t<input type=\"submit\" name=\"gwolle_gb_submit\" class=\"gwolle_gb_submit button btn btn-primary \" value=\"Send\" \/>\n\t\t\t\t\t<span class=\"gwolle_gb_submit_ajax_icon gwolle-gb-submit-ajax-icon\"><\/span>\n\t\t\t\n\t\t\t\t<\/div>\n\t\t\t\t<div class=\"clearBoth\">&nbsp;<\/div>\n\t\t\t<\/div>\n\n\t\t\t<div class=\"gwolle_gb_notice gwolle-gb-notice\">\n\t\t\t\tFelter m\u00e6rket * er obligatoriske.<br \/>\r\nDin email vil ikke blive publiceret.<br \/>\r\nAf sikkerhedshensyn gemmer vi ip addressen. 216.73.217.34<br \/>\r\nDit indl\u00e6g vil ikke blive synligt f\u00f8r f\u00f8r vi har godkendt det.<br \/>\r\nVi forbeholder os retten til at editere eller slette indl\u00e6gget.\n\t\t\t<\/div><\/form><div class=\"gwolle-gb-read gwolle-gb-ajax gwolle-gb-entries-list\" data-book_id=\"1\" data-page_id=\"1\">\n\t\t<div id=\"gwolle-gb-total\" class=\"gwolle-gb-total\">2 indl\u00e6g.<\/div><!-- Gwolle-GB Entry: Default Template Loaded -->\n\t\t\t\t<div class=\"gb-entry gb-entry_6 gb-entry-count_1 gwolle-gb-uneven gwolle-gb-first\" id=\"gb-entry_6\" data-entry_id=\"6\">\n\t\t\t\t<article>\n\t\t\t\t\t<div class=\"gb-author-info\">\n\t\t\t\t\t\t<span class=\"gb-author-avatar\"><img referrerpolicy=\"no-referrer\" alt='Palle Emanuel' src='https:\/\/secure.gravatar.com\/avatar\/af15a54285c37c9919c2614890eda5ede37a664cb6ac212e00636305cdc19bb3?s=32&#038;d=mm&#038;r=g' srcset='https:\/\/secure.gravatar.com\/avatar\/af15a54285c37c9919c2614890eda5ede37a664cb6ac212e00636305cdc19bb3?s=64&#038;d=mm&#038;r=g 2x' class='avatar avatar-32 photo' height='32' width='32' \/><\/span>\n\t\t\t\t\t\t<span class=\"gb-author-name\">Palle Emanuel\n\t\t\t\t\t\t<\/span>\n\t\t\t\t\t\t<span class=\"gb-datetime\">\n\t\t\t\t\t\t\t<span class=\"gb-date\"><span class=\"gb-date-wrote-text\"> skrev den<\/span><span class=\"gb-date-text\"> 12. oktober 2016<\/span>\n\t\t\t\t\t\t\t<\/span><span class=\"gb-time\">\n\t\t\t\t\t\t\t\t\t<span class=\"gb-time-at-text\"> kl.<\/span>\n\t\t\t\t\t\t\t\t\t<span class=\"gb-time-text\"> 15:36<\/span>\n\t\t\t\t\t\t\t\t<\/span>\n\t\t\t\t\t\t<\/span> \n\t\t\t\t\t<\/div>\n\t\t\t\t\t<div class=\"gb-entry-content\">K\u00e6re Medlemmer.\nEfter et fremragende og vellykket foredrag af ZigZag\/Michael Rasmussens liv med misbrug, kan I allerede nu gl\u00e6de jer til en ny og sp\u00e6ndende klubaften i VUG&#039;s Venneforening.\nTirsdag den 1. november kl. 19:00-22:00 causerer Michael Trempenau\/MikeTramp om en del af sit liv som dreng p\u00e5 Vesterbro og sit liv som ung\/voksen ude i den store vide verden. Og det at komme hjem og se og hilse p\u00e5 de gamle kammerater, ei at forglemme de gamle p\u00e6dagoger. Han medbringer ogs\u00e5 guitaren.\nMedlemsskab er p\u00e5kr\u00e6vet, se mere herom p\u00e5 absalonsgade8.dk\nDu tilmelder dig arrangementet ved at like dette indl\u00e6g.\nN\u00e6rmere pr\u00e6sentation af Michael er vel overfl\u00f8dig, men skulle der v\u00e6re en enkelt eller to der ikke ved hvem han er, kan jeg fort\u00e6lle at han er gammel vesterbrodreng boende i Eskildsgade 3 og havde sin gang p\u00e5 G\u00e5rden siden &#039;70. Medvirkede p\u00e5 G\u00e5rdens f\u00f8rste lp, &#034;Vi lever p\u00e5 Vesterbro&#034;, hvor han s\u00e5 i &#039;76 startede sin karriere i poporkestret Mabel. Men det kan han bedre fort\u00e6lle meget mere om selv.\nSkal dog lige n\u00e6vnes, at Michael, Dennis, ZigZag, Frost, Ovgaard, m.fl. ikke var de nemmeste b\u00f8rn, at arbejde med i FK. Man kan vel sige, de l\u00e5 i kategorien lidt af en p\u00e6dagogisk udfordring, men hold da k\u00e6ft, hvor havde vi det sjovt og sp\u00e6ndende.\nKaffe og kage for den s\u00e6dvanlige fla&#039;e tyver. Drikkevarer til vennepriser.\nOg endnu en gang; medlemsskab p\u00e5kr\u00e6vet! \nKontingent 100.- \u00e5rligt kan betales via MobilePay 31 43 23 77 eller p\u00e5 konto 5501 - 7562 934 140\n\t\t\t\t\t<\/div>\n\t\t\t\t<\/article>\n\t\t\t<\/div>\n\t\t\t<div class=\"gb-entry gb-entry_5 gb-entry-count_2 gwolle-gb-even\" id=\"gb-entry_5\" data-entry_id=\"5\">\n\t\t\t\t<article>\n\t\t\t\t\t<div class=\"gb-author-info\">\n\t\t\t\t\t\t<span class=\"gb-author-avatar\"><img referrerpolicy=\"no-referrer\" alt='Palle' src='https:\/\/secure.gravatar.com\/avatar\/af15a54285c37c9919c2614890eda5ede37a664cb6ac212e00636305cdc19bb3?s=32&#038;d=mm&#038;r=g' srcset='https:\/\/secure.gravatar.com\/avatar\/af15a54285c37c9919c2614890eda5ede37a664cb6ac212e00636305cdc19bb3?s=64&#038;d=mm&#038;r=g 2x' class='avatar avatar-32 photo' height='32' width='32' \/><\/span>\n\t\t\t\t\t\t<span class=\"gb-author-name\">Palle\n\t\t\t\t\t\t<\/span>\n\t\t\t\t\t\t<span class=\"gb-datetime\">\n\t\t\t\t\t\t\t<span class=\"gb-date\"><span class=\"gb-date-wrote-text\"> skrev den<\/span><span class=\"gb-date-text\"> 17. februar 2016<\/span>\n\t\t\t\t\t\t\t<\/span><span class=\"gb-time\">\n\t\t\t\t\t\t\t\t\t<span class=\"gb-time-at-text\"> kl.<\/span>\n\t\t\t\t\t\t\t\t\t<span class=\"gb-time-text\"> 11:34<\/span>\n\t\t\t\t\t\t\t\t<\/span>\n\t\t\t\t\t\t<\/span> \n\t\t\t\t\t<\/div>\n\t\t\t\t\t<div class=\"gb-entry-content\">K\u00e6re alle nuv\u00e6rende og kommende medlemmer af VUG&#039;s Venneforening!\r\nN\u00e6ste klubaften er tirsdag den 1. marts kl. 18:00 - 22:00 i Musikstuen.\r\nEmnet for aftenen er: Snak, r\u00f8verhistorier fra gamle dage, socialt samv\u00e6r og sidst men ikke mindst; rundvisning i Huset, som absolut ikke ligner sig selv fra hva&#039; du ka&#039; huske. Meget er \u00e6ndret, men \u00e5nden og atmosf\u00e6ren fra &#034;de go&#039;e gamle dage&#034; er der stadig. Husk bare at snuse indad.\r\nKaffe og kage til den traditionelle tyver er ved f\u00e6lles hj\u00e6lp klar ved syv-halvotte-tiden. Oprydning ved f\u00e6lles hj\u00e6lp ved ni-halvti-tiden.\r\nGl\u00e6der os til at se gamle som nye! \r\nJette Wielicko Christensen vi venter stadig p\u00e5 dig. Og for Kikkenborgs skyldt kan der tilk\u00f8bes en enkelt pilsner til en go&#039; pris.\n\t\t\t\t\t<\/div>\n\t\t\t\t<\/article>\n\t\t\t<\/div>\n\t\t\t<\/div><\/div>\n<p><script src=\"https:\/\/www.google.com\/recaptcha\/api.js\"><\/script><\/p>\n","protected":false},"excerpt":{"rendered":"<p>Her har du mulighed for at skrive ris, ros, eller andet du har p\u00e5 hjerte. Vi h\u00f8rer gerne fra dig. &nbsp;<\/p>\n","protected":false},"author":1,"featured_media":0,"parent":0,"menu_order":5,"comment_status":"closed","ping_status":"closed","template":"","meta":{"footnotes":""},"class_list":["post-73","page","type-page","status-publish","hentry"],"_links":{"self":[{"href":"https:\/\/www.absalonsgade8.dk\/index.php?rest_route=\/wp\/v2\/pages\/73","targetHints":{"allow":["GET"]}}],"collection":[{"href":"https:\/\/www.absalonsgade8.dk\/index.php?rest_route=\/wp\/v2\/pages"}],"about":[{"href":"https:\/\/www.absalonsgade8.dk\/index.php?rest_route=\/wp\/v2\/types\/page"}],"author":[{"embeddable":true,"href":"https:\/\/www.absalonsgade8.dk\/index.php?rest_route=\/wp\/v2\/users\/1"}],"replies":[{"embeddable":true,"href":"https:\/\/www.absalonsgade8.dk\/index.php?rest_route=%2Fwp%2Fv2%2Fcomments&post=73"}],"version-history":[{"count":12,"href":"https:\/\/www.absalonsgade8.dk\/index.php?rest_route=\/wp\/v2\/pages\/73\/revisions"}],"predecessor-version":[{"id":523,"href":"https:\/\/www.absalonsgade8.dk\/index.php?rest_route=\/wp\/v2\/pages\/73\/revisions\/523"}],"wp:attachment":[{"href":"https:\/\/www.absalonsgade8.dk\/index.php?rest_route=%2Fwp%2Fv2%2Fmedia&parent=73"}],"curies":[{"name":"wp","href":"https:\/\/api.w.org\/{rel}","templated":true}]}}