{"id":956,"date":"2018-11-16T15:51:21","date_gmt":"2018-11-16T15:51:21","guid":{"rendered":"http:\/\/www.absalonsgade8.dk\/?page_id=956"},"modified":"2018-11-16T15:52:54","modified_gmt":"2018-11-16T15:52:54","slug":"hch2","status":"publish","type":"page","link":"https:\/\/www.absalonsgade8.dk\/?page_id=956","title":{"rendered":"HCH2"},"content":{"rendered":"<p>Den anden g\u00e5rd er s\u00e5 ogs\u00e5 br\u00e6ndt.<\/p>\n<p>&nbsp;<\/p>\n<p>Artikler<br \/>\n26. december 2017: <a href=\"https:\/\/sn.dk\/Roskilde\/Brand-i-bjaelkehytte\/artikel\/623324\" target=\"_blank\" rel=\"noopener\">Br\u00e6nd I Bj\u00e6lkehytte<\/a>.<br \/>\n22. december 2017: <a href=\"https:\/\/sn.dk\/Roskilde\/Braendt-bjaelkehytte-skal-genopfoeres\/artikel\/711956\" target=\"_blank\" rel=\"noopener\">Br\u00e6ndt Bj\u00e6lkehytte Skal Genopf\u00f8res<\/a>.<br \/>\n21. december 2017: <a href=\"https:\/\/sn.dk\/Roskilde\/Braendende-spejderhytte-spaerrede-vej-i-tre-timer\/artikel\/711611\" target=\"_blank\" rel=\"noopener\">Br\u00e6ndende spejderhytte sp\u00e6rrede vej\u00a0i 3 timer<\/a>.<\/p>\n","protected":false},"excerpt":{"rendered":"<p>Den anden g\u00e5rd er s\u00e5 ogs\u00e5 br\u00e6ndt. &nbsp; Artikler 26. december 2017: Br\u00e6nd I Bj\u00e6lkehytte. 22. december 2017: Br\u00e6ndt Bj\u00e6lkehytte Skal Genopf\u00f8res. 21. december 2017: Br\u00e6ndende spejderhytte sp\u00e6rrede vej\u00a0i 3 timer.<\/p>\n","protected":false},"author":1,"featured_media":0,"parent":458,"menu_order":0,"comment_status":"closed","ping_status":"closed","template":"","meta":{"footnotes":""},"class_list":["post-956","page","type-page","status-publish","hentry"],"_links":{"self":[{"href":"https:\/\/www.absalonsgade8.dk\/index.php?rest_route=\/wp\/v2\/pages\/956","targetHints":{"allow":["GET"]}}],"collection":[{"href":"https:\/\/www.absalonsgade8.dk\/index.php?rest_route=\/wp\/v2\/pages"}],"about":[{"href":"https:\/\/www.absalonsgade8.dk\/index.php?rest_route=\/wp\/v2\/types\/page"}],"author":[{"embeddable":true,"href":"https:\/\/www.absalonsgade8.dk\/index.php?rest_route=\/wp\/v2\/users\/1"}],"replies":[{"embeddable":true,"href":"https:\/\/www.absalonsgade8.dk\/index.php?rest_route=%2Fwp%2Fv2%2Fcomments&post=956"}],"version-history":[{"count":2,"href":"https:\/\/www.absalonsgade8.dk\/index.php?rest_route=\/wp\/v2\/pages\/956\/revisions"}],"predecessor-version":[{"id":1094,"href":"https:\/\/www.absalonsgade8.dk\/index.php?rest_route=\/wp\/v2\/pages\/956\/revisions\/1094"}],"up":[{"embeddable":true,"href":"https:\/\/www.absalonsgade8.dk\/index.php?rest_route=\/wp\/v2\/pages\/458"}],"wp:attachment":[{"href":"https:\/\/www.absalonsgade8.dk\/index.php?rest_route=%2Fwp%2Fv2%2Fmedia&parent=956"}],"curies":[{"name":"wp","href":"https:\/\/api.w.org\/{rel}","templated":true}]}}